{"id":27,"date":"2011-10-24T14:07:00","date_gmt":"2011-10-24T14:07:00","guid":{"rendered":"http:\/\/sbhif.no\/public_html\/?page_id=27"},"modified":"2011-10-25T06:59:13","modified_gmt":"2011-10-25T06:59:13","slug":"kontakt","status":"publish","type":"page","link":"https:\/\/sbhif.no\/public_html\/?page_id=27","title":{"rendered":"Kontakt"},"content":{"rendered":"<p><span style=\"color: #ffffff;\">.<\/span><\/p>\n<p>Via v\u00e5r kontaktside kan du komme med henvendelser til laget. Dersom du har forslag, konstruktiv kritikk eller andre tanker om laget vil vi gjerne at du skriver noen ord i feltet nedenfor.<\/p>\n<p>Henvendelsen vil automatisk bli sendt til lagets leder n\u00e5r du trykker p\u00e5 &#8220;Send&#8221;<\/p>\n<p>Navn og telefonnummer eller e-postadresse er n\u00f8vendig at du fyller inn om du \u00f8nsker at vi skal ta kontakt eller besvare henvendelsen.<\/p>\n<p><span style=\"color: #ffffff;\">.\u00a0<\/span><\/p>\n","protected":false},"excerpt":{"rendered":"<p>. Via v\u00e5r kontaktside kan du komme med henvendelser til laget. Dersom du har forslag, konstruktiv kritikk eller andre tanker om laget vil vi gjerne at du skriver noen ord i feltet nedenfor. Henvendelsen vil automatisk bli sendt til lagets leder n\u00e5r du trykker p\u00e5 &#8220;Send&#8221; Navn og telefonnummer eller e-postadresse er n\u00f8vendig at du [&hellip;]<\/p>\n","protected":false},"author":2,"featured_media":0,"parent":0,"menu_order":0,"comment_status":"closed","ping_status":"open","template":"","meta":{"ngg_post_thumbnail":0},"yoast_head":"<!-- This site is optimized with the Yoast SEO plugin v19.13 - https:\/\/yoast.com\/wordpress\/plugins\/seo\/ -->\n<title>Kontakt - Sarpsborg Boccia og Teppecurlingklubb<\/title>\n<meta name=\"robots\" content=\"index, follow, max-snippet:-1, max-image-preview:large, max-video-preview:-1\" \/>\n<link rel=\"canonical\" href=\"http:\/\/sbhif.no\/public_html\/?page_id=27\" \/>\n<meta property=\"og:locale\" content=\"nb_NO\" \/>\n<meta property=\"og:type\" content=\"article\" \/>\n<meta property=\"og:title\" content=\"Kontakt - Sarpsborg Boccia og Teppecurlingklubb\" \/>\n<meta property=\"og:description\" content=\". Via v\u00e5r kontaktside kan du komme med henvendelser til laget. Dersom du har forslag, konstruktiv kritikk eller andre tanker om laget vil vi gjerne at du skriver noen ord i feltet nedenfor. Henvendelsen vil automatisk bli sendt til lagets leder n\u00e5r du trykker p\u00e5 &#8220;Send&#8221; Navn og telefonnummer eller e-postadresse er n\u00f8vendig at du [&hellip;]\" \/>\n<meta property=\"og:url\" content=\"http:\/\/sbhif.no\/public_html\/?page_id=27\" \/>\n<meta property=\"og:site_name\" content=\"Sarpsborg Boccia og Teppecurlingklubb\" \/>\n<meta property=\"article:modified_time\" content=\"2011-10-25T06:59:13+00:00\" \/>\n<script type=\"application\/ld+json\" class=\"yoast-schema-graph\">{\"@context\":\"https:\/\/schema.org\",\"@graph\":[{\"@type\":\"WebPage\",\"@id\":\"http:\/\/sbhif.no\/public_html\/?page_id=27\",\"url\":\"http:\/\/sbhif.no\/public_html\/?page_id=27\",\"name\":\"Kontakt - Sarpsborg Boccia og Teppecurlingklubb\",\"isPartOf\":{\"@id\":\"https:\/\/sbhif.no\/public_html\/#website\"},\"datePublished\":\"2011-10-24T14:07:00+00:00\",\"dateModified\":\"2011-10-25T06:59:13+00:00\",\"breadcrumb\":{\"@id\":\"http:\/\/sbhif.no\/public_html\/?page_id=27#breadcrumb\"},\"inLanguage\":\"nb-NO\",\"potentialAction\":[{\"@type\":\"ReadAction\",\"target\":[\"http:\/\/sbhif.no\/public_html\/?page_id=27\"]}]},{\"@type\":\"BreadcrumbList\",\"@id\":\"http:\/\/sbhif.no\/public_html\/?page_id=27#breadcrumb\",\"itemListElement\":[{\"@type\":\"ListItem\",\"position\":1,\"name\":\"Hjem\",\"item\":\"https:\/\/sbhif.no\/public_html\"},{\"@type\":\"ListItem\",\"position\":2,\"name\":\"Kontakt\"}]},{\"@type\":\"WebSite\",\"@id\":\"https:\/\/sbhif.no\/public_html\/#website\",\"url\":\"https:\/\/sbhif.no\/public_html\/\",\"name\":\"Sarpsborg Boccia og Teppecurlingklubb\",\"description\":\"\",\"potentialAction\":[{\"@type\":\"SearchAction\",\"target\":{\"@type\":\"EntryPoint\",\"urlTemplate\":\"https:\/\/sbhif.no\/public_html\/?s={search_term_string}\"},\"query-input\":\"required name=search_term_string\"}],\"inLanguage\":\"nb-NO\"}]}<\/script>\n<!-- \/ Yoast SEO plugin. -->","yoast_head_json":{"title":"Kontakt - Sarpsborg Boccia og Teppecurlingklubb","robots":{"index":"index","follow":"follow","max-snippet":"max-snippet:-1","max-image-preview":"max-image-preview:large","max-video-preview":"max-video-preview:-1"},"canonical":"http:\/\/sbhif.no\/public_html\/?page_id=27","og_locale":"nb_NO","og_type":"article","og_title":"Kontakt - Sarpsborg Boccia og Teppecurlingklubb","og_description":". Via v\u00e5r kontaktside kan du komme med henvendelser til laget. Dersom du har forslag, konstruktiv kritikk eller andre tanker om laget vil vi gjerne at du skriver noen ord i feltet nedenfor. Henvendelsen vil automatisk bli sendt til lagets leder n\u00e5r du trykker p\u00e5 &#8220;Send&#8221; Navn og telefonnummer eller e-postadresse er n\u00f8vendig at du [&hellip;]","og_url":"http:\/\/sbhif.no\/public_html\/?page_id=27","og_site_name":"Sarpsborg Boccia og Teppecurlingklubb","article_modified_time":"2011-10-25T06:59:13+00:00","schema":{"@context":"https:\/\/schema.org","@graph":[{"@type":"WebPage","@id":"http:\/\/sbhif.no\/public_html\/?page_id=27","url":"http:\/\/sbhif.no\/public_html\/?page_id=27","name":"Kontakt - Sarpsborg Boccia og Teppecurlingklubb","isPartOf":{"@id":"https:\/\/sbhif.no\/public_html\/#website"},"datePublished":"2011-10-24T14:07:00+00:00","dateModified":"2011-10-25T06:59:13+00:00","breadcrumb":{"@id":"http:\/\/sbhif.no\/public_html\/?page_id=27#breadcrumb"},"inLanguage":"nb-NO","potentialAction":[{"@type":"ReadAction","target":["http:\/\/sbhif.no\/public_html\/?page_id=27"]}]},{"@type":"BreadcrumbList","@id":"http:\/\/sbhif.no\/public_html\/?page_id=27#breadcrumb","itemListElement":[{"@type":"ListItem","position":1,"name":"Hjem","item":"https:\/\/sbhif.no\/public_html"},{"@type":"ListItem","position":2,"name":"Kontakt"}]},{"@type":"WebSite","@id":"https:\/\/sbhif.no\/public_html\/#website","url":"https:\/\/sbhif.no\/public_html\/","name":"Sarpsborg Boccia og Teppecurlingklubb","description":"","potentialAction":[{"@type":"SearchAction","target":{"@type":"EntryPoint","urlTemplate":"https:\/\/sbhif.no\/public_html\/?s={search_term_string}"},"query-input":"required name=search_term_string"}],"inLanguage":"nb-NO"}]}},"_links":{"self":[{"href":"https:\/\/sbhif.no\/public_html\/index.php?rest_route=\/wp\/v2\/pages\/27"}],"collection":[{"href":"https:\/\/sbhif.no\/public_html\/index.php?rest_route=\/wp\/v2\/pages"}],"about":[{"href":"https:\/\/sbhif.no\/public_html\/index.php?rest_route=\/wp\/v2\/types\/page"}],"author":[{"embeddable":true,"href":"https:\/\/sbhif.no\/public_html\/index.php?rest_route=\/wp\/v2\/users\/2"}],"replies":[{"embeddable":true,"href":"https:\/\/sbhif.no\/public_html\/index.php?rest_route=%2Fwp%2Fv2%2Fcomments&post=27"}],"version-history":[{"count":5,"href":"https:\/\/sbhif.no\/public_html\/index.php?rest_route=\/wp\/v2\/pages\/27\/revisions"}],"predecessor-version":[{"id":66,"href":"https:\/\/sbhif.no\/public_html\/index.php?rest_route=\/wp\/v2\/pages\/27\/revisions\/66"}],"wp:attachment":[{"href":"https:\/\/sbhif.no\/public_html\/index.php?rest_route=%2Fwp%2Fv2%2Fmedia&parent=27"}],"curies":[{"name":"wp","href":"https:\/\/api.w.org\/{rel}","templated":true}]}}