{"id":47,"date":"2011-10-24T18:22:34","date_gmt":"2011-10-24T18:22:34","guid":{"rendered":"http:\/\/sbhif.no\/public_html\/?page_id=47"},"modified":"2016-04-04T19:13:44","modified_gmt":"2016-04-04T18:13:44","slug":"abonnement","status":"publish","type":"page","link":"http:\/\/sbhif.no\/public_html\/?page_id=47","title":{"rendered":"Abonnement"},"content":{"rendered":"<p>Her kan du abonnere p\u00e5 sbhif.no (Hjemmesiden til Sarpsborg Handicapidrettsforening). Dersom du registrerer deg nedenfor vil du f\u00e5 tilsendt en mail med opplysninger om at det er kommet et nytt innlegg eller kommentar p\u00e5 denne siden. Dersom du senere ikke vil benytte deg av denne tjenesten kan du bare skrive inn din e-postadresse i tekstfeltet og klikke p\u00e5 \u201cStopp abonnemen\u201d knappen.<\/p>\n<p>.<\/p>\n<p><!--subscribe2--><\/p>\n","protected":false},"excerpt":{"rendered":"<p>Her kan du abonnere p\u00e5 sbhif.no (Hjemmesiden til Sarpsborg Handicapidrettsforening). Dersom du registrerer deg nedenfor vil du f\u00e5 tilsendt en mail med opplysninger om at det er kommet et nytt innlegg eller kommentar p\u00e5 denne siden. Dersom du senere ikke vil benytte deg av denne tjenesten kan du bare skrive inn din e-postadresse i tekstfeltet [&hellip;]<\/p>\n","protected":false},"author":2,"featured_media":0,"parent":0,"menu_order":0,"comment_status":"closed","ping_status":"open","template":"","meta":{"ngg_post_thumbnail":0},"yoast_head":"<!-- This site is optimized with the Yoast SEO plugin v19.13 - https:\/\/yoast.com\/wordpress\/plugins\/seo\/ -->\n<title>Abonnement - Sarpsborg Boccia og Teppecurlingklubb<\/title>\n<meta name=\"robots\" content=\"index, follow, max-snippet:-1, max-image-preview:large, max-video-preview:-1\" \/>\n<link rel=\"canonical\" href=\"http:\/\/sbhif.no\/public_html\/?page_id=47\" \/>\n<meta property=\"og:locale\" content=\"nb_NO\" \/>\n<meta property=\"og:type\" content=\"article\" \/>\n<meta property=\"og:title\" content=\"Abonnement - Sarpsborg Boccia og Teppecurlingklubb\" \/>\n<meta property=\"og:description\" content=\"Her kan du abonnere p\u00e5 sbhif.no (Hjemmesiden til Sarpsborg Handicapidrettsforening). Dersom du registrerer deg nedenfor vil du f\u00e5 tilsendt en mail med opplysninger om at det er kommet et nytt innlegg eller kommentar p\u00e5 denne siden. Dersom du senere ikke vil benytte deg av denne tjenesten kan du bare skrive inn din e-postadresse i tekstfeltet [&hellip;]\" \/>\n<meta property=\"og:url\" content=\"http:\/\/sbhif.no\/public_html\/?page_id=47\" \/>\n<meta property=\"og:site_name\" content=\"Sarpsborg Boccia og Teppecurlingklubb\" \/>\n<meta property=\"article:modified_time\" content=\"2016-04-04T18:13:44+00:00\" \/>\n<script type=\"application\/ld+json\" class=\"yoast-schema-graph\">{\"@context\":\"https:\/\/schema.org\",\"@graph\":[{\"@type\":\"WebPage\",\"@id\":\"http:\/\/sbhif.no\/public_html\/?page_id=47\",\"url\":\"http:\/\/sbhif.no\/public_html\/?page_id=47\",\"name\":\"Abonnement - Sarpsborg Boccia og Teppecurlingklubb\",\"isPartOf\":{\"@id\":\"https:\/\/sbhif.no\/public_html\/#website\"},\"datePublished\":\"2011-10-24T18:22:34+00:00\",\"dateModified\":\"2016-04-04T18:13:44+00:00\",\"breadcrumb\":{\"@id\":\"http:\/\/sbhif.no\/public_html\/?page_id=47#breadcrumb\"},\"inLanguage\":\"nb-NO\",\"potentialAction\":[{\"@type\":\"ReadAction\",\"target\":[\"http:\/\/sbhif.no\/public_html\/?page_id=47\"]}]},{\"@type\":\"BreadcrumbList\",\"@id\":\"http:\/\/sbhif.no\/public_html\/?page_id=47#breadcrumb\",\"itemListElement\":[{\"@type\":\"ListItem\",\"position\":1,\"name\":\"Hjem\",\"item\":\"https:\/\/sbhif.no\/public_html\"},{\"@type\":\"ListItem\",\"position\":2,\"name\":\"Abonnement\"}]},{\"@type\":\"WebSite\",\"@id\":\"https:\/\/sbhif.no\/public_html\/#website\",\"url\":\"https:\/\/sbhif.no\/public_html\/\",\"name\":\"Sarpsborg Boccia og Teppecurlingklubb\",\"description\":\"\",\"potentialAction\":[{\"@type\":\"SearchAction\",\"target\":{\"@type\":\"EntryPoint\",\"urlTemplate\":\"https:\/\/sbhif.no\/public_html\/?s={search_term_string}\"},\"query-input\":\"required name=search_term_string\"}],\"inLanguage\":\"nb-NO\"}]}<\/script>\n<!-- \/ Yoast SEO plugin. -->","yoast_head_json":{"title":"Abonnement - Sarpsborg Boccia og Teppecurlingklubb","robots":{"index":"index","follow":"follow","max-snippet":"max-snippet:-1","max-image-preview":"max-image-preview:large","max-video-preview":"max-video-preview:-1"},"canonical":"http:\/\/sbhif.no\/public_html\/?page_id=47","og_locale":"nb_NO","og_type":"article","og_title":"Abonnement - Sarpsborg Boccia og Teppecurlingklubb","og_description":"Her kan du abonnere p\u00e5 sbhif.no (Hjemmesiden til Sarpsborg Handicapidrettsforening). Dersom du registrerer deg nedenfor vil du f\u00e5 tilsendt en mail med opplysninger om at det er kommet et nytt innlegg eller kommentar p\u00e5 denne siden. Dersom du senere ikke vil benytte deg av denne tjenesten kan du bare skrive inn din e-postadresse i tekstfeltet [&hellip;]","og_url":"http:\/\/sbhif.no\/public_html\/?page_id=47","og_site_name":"Sarpsborg Boccia og Teppecurlingklubb","article_modified_time":"2016-04-04T18:13:44+00:00","schema":{"@context":"https:\/\/schema.org","@graph":[{"@type":"WebPage","@id":"http:\/\/sbhif.no\/public_html\/?page_id=47","url":"http:\/\/sbhif.no\/public_html\/?page_id=47","name":"Abonnement - Sarpsborg Boccia og Teppecurlingklubb","isPartOf":{"@id":"https:\/\/sbhif.no\/public_html\/#website"},"datePublished":"2011-10-24T18:22:34+00:00","dateModified":"2016-04-04T18:13:44+00:00","breadcrumb":{"@id":"http:\/\/sbhif.no\/public_html\/?page_id=47#breadcrumb"},"inLanguage":"nb-NO","potentialAction":[{"@type":"ReadAction","target":["http:\/\/sbhif.no\/public_html\/?page_id=47"]}]},{"@type":"BreadcrumbList","@id":"http:\/\/sbhif.no\/public_html\/?page_id=47#breadcrumb","itemListElement":[{"@type":"ListItem","position":1,"name":"Hjem","item":"https:\/\/sbhif.no\/public_html"},{"@type":"ListItem","position":2,"name":"Abonnement"}]},{"@type":"WebSite","@id":"https:\/\/sbhif.no\/public_html\/#website","url":"https:\/\/sbhif.no\/public_html\/","name":"Sarpsborg Boccia og Teppecurlingklubb","description":"","potentialAction":[{"@type":"SearchAction","target":{"@type":"EntryPoint","urlTemplate":"https:\/\/sbhif.no\/public_html\/?s={search_term_string}"},"query-input":"required name=search_term_string"}],"inLanguage":"nb-NO"}]}},"_links":{"self":[{"href":"http:\/\/sbhif.no\/public_html\/index.php?rest_route=\/wp\/v2\/pages\/47"}],"collection":[{"href":"http:\/\/sbhif.no\/public_html\/index.php?rest_route=\/wp\/v2\/pages"}],"about":[{"href":"http:\/\/sbhif.no\/public_html\/index.php?rest_route=\/wp\/v2\/types\/page"}],"author":[{"embeddable":true,"href":"http:\/\/sbhif.no\/public_html\/index.php?rest_route=\/wp\/v2\/users\/2"}],"replies":[{"embeddable":true,"href":"http:\/\/sbhif.no\/public_html\/index.php?rest_route=%2Fwp%2Fv2%2Fcomments&post=47"}],"version-history":[{"count":5,"href":"http:\/\/sbhif.no\/public_html\/index.php?rest_route=\/wp\/v2\/pages\/47\/revisions"}],"predecessor-version":[{"id":1201,"href":"http:\/\/sbhif.no\/public_html\/index.php?rest_route=\/wp\/v2\/pages\/47\/revisions\/1201"}],"wp:attachment":[{"href":"http:\/\/sbhif.no\/public_html\/index.php?rest_route=%2Fwp%2Fv2%2Fmedia&parent=47"}],"curies":[{"name":"wp","href":"https:\/\/api.w.org\/{rel}","templated":true}]}}