{"id":29,"date":"2011-10-24T14:07:28","date_gmt":"2011-10-24T14:07:28","guid":{"rendered":"http:\/\/sbhif.no\/public_html\/?page_id=29"},"modified":"2015-03-29T12:49:39","modified_gmt":"2015-03-29T11:49:39","slug":"grasrotandelen","status":"publish","type":"page","link":"http:\/\/sbhif.no\/public_html\/?page_id=29","title":{"rendered":"Grasrotandelen"},"content":{"rendered":"<p>.<\/p>\n<p>Er du en ivrig tipper, eller tipper du litt?<\/p>\n<p>Da kan du st\u00f8tte v\u00e5r forening uten at det koster deg noe!<\/p>\n<p>Det eneste du kan gj\u00f8re n\u00e5r du leverer din kupong er \u00e5 be om at grasrotandelen skal g\u00e5 til <strong>Sarpsborg Boccia- og Teppecurlingklubb, org.nr 983 795 943.<\/strong><\/p>\n<p><strong>Eks. <\/strong>Du leverer en kupong\u00a0 for eksempel p\u00e5 kr. 100,00, du f\u00e5r din kupong\u00a0 verdi\u00a0 kr 100,00 men av dette bel\u00f8pet f\u00e5r v\u00e5r forening 5 % av Norsk Tipping. Det blir ikke noen ekstra kostnader for deg.<\/p>\n<p><strong>Vi h\u00e5per at s\u00e5 mange som mulig av v\u00e5re medlemmer vil slutte seg til denne ordningen, som kan bety en del kroner til foreningen.<\/strong><\/p>\n<p><strong>\u00a0<\/strong><\/p>\n<p><strong>\u00a0<\/strong><\/p>\n<p><strong>Med hilsen<\/strong><\/p>\n<p><strong>STYRET<\/strong><\/p>\n<p>Vigdis Bruun<\/p>\n<p style=\"padding-left: 210px;\"><a href=\"https:\/\/www.norsk-tipping.no\/charity-search\/charity\/flex\/statistics_app.jsp?receiver=983795943\" target=\"_blank\">Trykk her for oppdatert status p\u00e5 inntekter fra Grasrotandelen.<\/a><\/p>\n","protected":false},"excerpt":{"rendered":"<p>. Er du en ivrig tipper, eller tipper du litt? Da kan du st\u00f8tte v\u00e5r forening uten at det koster deg noe! Det eneste du kan gj\u00f8re n\u00e5r du leverer din kupong er \u00e5 be om at grasrotandelen skal g\u00e5 til Sarpsborg Boccia- og Teppecurlingklubb, org.nr 983 795 943. Eks. Du leverer en kupong\u00a0 for [&hellip;]<\/p>\n","protected":false},"author":2,"featured_media":0,"parent":0,"menu_order":0,"comment_status":"closed","ping_status":"open","template":"","meta":{"ngg_post_thumbnail":0},"yoast_head":"<!-- This site is optimized with the Yoast SEO plugin v19.13 - https:\/\/yoast.com\/wordpress\/plugins\/seo\/ -->\n<title>Grasrotandelen - Sarpsborg Boccia og Teppecurlingklubb<\/title>\n<meta name=\"robots\" content=\"index, follow, max-snippet:-1, max-image-preview:large, max-video-preview:-1\" \/>\n<link rel=\"canonical\" href=\"http:\/\/sbhif.no\/public_html\/?page_id=29\" \/>\n<meta property=\"og:locale\" content=\"nb_NO\" \/>\n<meta property=\"og:type\" content=\"article\" \/>\n<meta property=\"og:title\" content=\"Grasrotandelen - Sarpsborg Boccia og Teppecurlingklubb\" \/>\n<meta property=\"og:description\" content=\". Er du en ivrig tipper, eller tipper du litt? Da kan du st\u00f8tte v\u00e5r forening uten at det koster deg noe! Det eneste du kan gj\u00f8re n\u00e5r du leverer din kupong er \u00e5 be om at grasrotandelen skal g\u00e5 til Sarpsborg Boccia- og Teppecurlingklubb, org.nr 983 795 943. Eks. Du leverer en kupong\u00a0 for [&hellip;]\" \/>\n<meta property=\"og:url\" content=\"http:\/\/sbhif.no\/public_html\/?page_id=29\" \/>\n<meta property=\"og:site_name\" content=\"Sarpsborg Boccia og Teppecurlingklubb\" \/>\n<meta property=\"article:modified_time\" content=\"2015-03-29T11:49:39+00:00\" \/>\n<meta name=\"twitter:label1\" content=\"Ansl. lesetid\" \/>\n\t<meta name=\"twitter:data1\" content=\"1 minutt\" \/>\n<script type=\"application\/ld+json\" class=\"yoast-schema-graph\">{\"@context\":\"https:\/\/schema.org\",\"@graph\":[{\"@type\":\"WebPage\",\"@id\":\"http:\/\/sbhif.no\/public_html\/?page_id=29\",\"url\":\"http:\/\/sbhif.no\/public_html\/?page_id=29\",\"name\":\"Grasrotandelen - Sarpsborg Boccia og Teppecurlingklubb\",\"isPartOf\":{\"@id\":\"http:\/\/sbhif.no\/public_html\/#website\"},\"datePublished\":\"2011-10-24T14:07:28+00:00\",\"dateModified\":\"2015-03-29T11:49:39+00:00\",\"breadcrumb\":{\"@id\":\"http:\/\/sbhif.no\/public_html\/?page_id=29#breadcrumb\"},\"inLanguage\":\"nb-NO\",\"potentialAction\":[{\"@type\":\"ReadAction\",\"target\":[\"http:\/\/sbhif.no\/public_html\/?page_id=29\"]}]},{\"@type\":\"BreadcrumbList\",\"@id\":\"http:\/\/sbhif.no\/public_html\/?page_id=29#breadcrumb\",\"itemListElement\":[{\"@type\":\"ListItem\",\"position\":1,\"name\":\"Hjem\",\"item\":\"http:\/\/sbhif.no\/public_html\"},{\"@type\":\"ListItem\",\"position\":2,\"name\":\"Grasrotandelen\"}]},{\"@type\":\"WebSite\",\"@id\":\"http:\/\/sbhif.no\/public_html\/#website\",\"url\":\"http:\/\/sbhif.no\/public_html\/\",\"name\":\"Sarpsborg Boccia og Teppecurlingklubb\",\"description\":\"\",\"potentialAction\":[{\"@type\":\"SearchAction\",\"target\":{\"@type\":\"EntryPoint\",\"urlTemplate\":\"http:\/\/sbhif.no\/public_html\/?s={search_term_string}\"},\"query-input\":\"required name=search_term_string\"}],\"inLanguage\":\"nb-NO\"}]}<\/script>\n<!-- \/ Yoast SEO plugin. -->","yoast_head_json":{"title":"Grasrotandelen - Sarpsborg Boccia og Teppecurlingklubb","robots":{"index":"index","follow":"follow","max-snippet":"max-snippet:-1","max-image-preview":"max-image-preview:large","max-video-preview":"max-video-preview:-1"},"canonical":"http:\/\/sbhif.no\/public_html\/?page_id=29","og_locale":"nb_NO","og_type":"article","og_title":"Grasrotandelen - Sarpsborg Boccia og Teppecurlingklubb","og_description":". Er du en ivrig tipper, eller tipper du litt? Da kan du st\u00f8tte v\u00e5r forening uten at det koster deg noe! Det eneste du kan gj\u00f8re n\u00e5r du leverer din kupong er \u00e5 be om at grasrotandelen skal g\u00e5 til Sarpsborg Boccia- og Teppecurlingklubb, org.nr 983 795 943. Eks. Du leverer en kupong\u00a0 for [&hellip;]","og_url":"http:\/\/sbhif.no\/public_html\/?page_id=29","og_site_name":"Sarpsborg Boccia og Teppecurlingklubb","article_modified_time":"2015-03-29T11:49:39+00:00","twitter_misc":{"Ansl. lesetid":"1 minutt"},"schema":{"@context":"https:\/\/schema.org","@graph":[{"@type":"WebPage","@id":"http:\/\/sbhif.no\/public_html\/?page_id=29","url":"http:\/\/sbhif.no\/public_html\/?page_id=29","name":"Grasrotandelen - Sarpsborg Boccia og Teppecurlingklubb","isPartOf":{"@id":"http:\/\/sbhif.no\/public_html\/#website"},"datePublished":"2011-10-24T14:07:28+00:00","dateModified":"2015-03-29T11:49:39+00:00","breadcrumb":{"@id":"http:\/\/sbhif.no\/public_html\/?page_id=29#breadcrumb"},"inLanguage":"nb-NO","potentialAction":[{"@type":"ReadAction","target":["http:\/\/sbhif.no\/public_html\/?page_id=29"]}]},{"@type":"BreadcrumbList","@id":"http:\/\/sbhif.no\/public_html\/?page_id=29#breadcrumb","itemListElement":[{"@type":"ListItem","position":1,"name":"Hjem","item":"http:\/\/sbhif.no\/public_html"},{"@type":"ListItem","position":2,"name":"Grasrotandelen"}]},{"@type":"WebSite","@id":"http:\/\/sbhif.no\/public_html\/#website","url":"http:\/\/sbhif.no\/public_html\/","name":"Sarpsborg Boccia og Teppecurlingklubb","description":"","potentialAction":[{"@type":"SearchAction","target":{"@type":"EntryPoint","urlTemplate":"http:\/\/sbhif.no\/public_html\/?s={search_term_string}"},"query-input":"required name=search_term_string"}],"inLanguage":"nb-NO"}]}},"_links":{"self":[{"href":"http:\/\/sbhif.no\/public_html\/index.php?rest_route=\/wp\/v2\/pages\/29"}],"collection":[{"href":"http:\/\/sbhif.no\/public_html\/index.php?rest_route=\/wp\/v2\/pages"}],"about":[{"href":"http:\/\/sbhif.no\/public_html\/index.php?rest_route=\/wp\/v2\/types\/page"}],"author":[{"embeddable":true,"href":"http:\/\/sbhif.no\/public_html\/index.php?rest_route=\/wp\/v2\/users\/2"}],"replies":[{"embeddable":true,"href":"http:\/\/sbhif.no\/public_html\/index.php?rest_route=%2Fwp%2Fv2%2Fcomments&post=29"}],"version-history":[{"count":6,"href":"http:\/\/sbhif.no\/public_html\/index.php?rest_route=\/wp\/v2\/pages\/29\/revisions"}],"predecessor-version":[{"id":1137,"href":"http:\/\/sbhif.no\/public_html\/index.php?rest_route=\/wp\/v2\/pages\/29\/revisions\/1137"}],"wp:attachment":[{"href":"http:\/\/sbhif.no\/public_html\/index.php?rest_route=%2Fwp%2Fv2%2Fmedia&parent=29"}],"curies":[{"name":"wp","href":"https:\/\/api.w.org\/{rel}","templated":true}]}}