{"id":1118,"date":"2015-02-18T11:15:39","date_gmt":"2015-02-18T10:15:39","guid":{"rendered":"http:\/\/sbhif.no\/public_html\/?page_id=1118"},"modified":"2015-04-24T07:42:17","modified_gmt":"2015-04-24T06:42:17","slug":"resultater","status":"publish","type":"page","link":"http:\/\/sbhif.no\/public_html\/?page_id=1118","title":{"rendered":"Resultater"},"content":{"rendered":"<p><span style=\"color: #0000ff;\"><strong>EIDSVOLLTREFFEN 11. &#8211; 12. APRIL<\/strong><\/span><\/p>\n<p class=\"ecxMsoNormal\">Herrer \u00e5pen(10 lag) \u00a0 \u00a0 \u00a0 \u00a0 \u00a0\u00a07.plass Sarpsborg 4 (Svein og Otto)<\/p>\n<p class=\"ecxMsoNormal\">\u00a0Damer \u00e5pen(7 lag) \u00a0 \u00a0 \u00a0 \u00a0 \u00a0 \u00a03.plass Sarpsborg 2 (Vigdis og Kari)<\/p>\n<p class=\"ecxMsoNormal\">\u00a0Herrer kl.1(4 lag) \u00a0 \u00a0 \u00a0 \u00a0 \u00a0 \u00a0 \u00a03.plass Sarpsborg 3 (Sten Rino og Rolf)<\/p>\n<p class=\"ecxMsoNormal\">\u00a0Ind.<\/p>\n<p class=\"ecxMsoNormal\">Herrer kl.1(10 deltagere) \u00a0 \u00a02.plass Rolf, \u00a07.plass Otto, \u00a0\u00a010.plass Sten Rino<\/p>\n<p class=\"ecxMsoNormal\">\u00a0Herrer \u00e5pen(19 deltagere)\u00a014.plass Svein<\/p>\n<p class=\"ecxMsoNormal\">\u00a0Damer \u00e5pen (6 deltagere) \u00a01.plass Kari<\/p>\n<p class=\"ecxMsoNormal\">\n<p class=\"ecxMsoNormal\"><span style=\"color: #0000ff;\"><strong>Ris\u00f8rtreffen 18. og 19. april 2015<\/strong><\/span><\/p>\n<p class=\"ecxMsoNormal\">Herrer kl.1 (4 lag) \u00a0 \u00a0 \u00a0 \u00a0 \u00a0 \u00a0 \u00a0 \u00a0 \u00a04.plass Sarpsborg 3 (Rolf og Sten Rino)<\/p>\n<p class=\"ecxMsoNormal\">\u00a0Herrer \u00c5pen (11 lag) \u00a0 \u00a0 \u00a0 \u00a0 \u00a0 \u00a07.plass Sarpsborg 4 (Solbj\u00f8rg og Svein)<\/p>\n<p class=\"ecxMsoNormal\">\u00a0Damer \u00c5pen (6 lag) \u00a0 \u00a0 \u00a0 \u00a0 \u00a0 \u00a0 \u00a01.plass Sarpsborg 2 (Vigdis og Kari)<\/p>\n<p class=\"ecxMsoNormal\">\u00a0Ind.<\/p>\n<p class=\"ecxMsoNormal\">Herrer kl.1 (9 stk) \u00a0 \u00a0 \u00a0 \u00a0 \u00a0 \u00a0 \u00a0 \u00a0 \u00a03.plass Rolf, \u00a07.plass Sten Rino<\/p>\n<p class=\"ecxMsoNormal\">\u00a0Herrer \u00e5pen (18 stk) \u00a0 \u00a0 \u00a0 \u00a0 \u00a0 \u00a0\u00a09.plass Svein<\/p>\n<p class=\"ecxMsoNormal\">\u00a0Damer kl.3 (5 stk) \u00a0 \u00a0 \u00a0 \u00a0 \u00a0 \u00a0 \u00a0 \u00a0\u00a04.plass Linda<\/p>\n<p class=\"ecxMsoNormal\">\u00a0Damer \u00e5pen (9 stk) \u00a0 \u00a0 \u00a0 \u00a0 \u00a0 \u00a0 \u00a0 \u00a01.plass Kari, \u00a04.plass Solbj\u00f8rg<\/p>\n<p><strong>&#8212;&#8212;&#8212;&#8212;&#8212;&#8212;&#8212;&#8212;&#8212;&#8212;&#8212;&#8212;&#8212;&#8212;&#8212;&#8212;&#8212;&#8212;&#8212;&#8212;&#8212;&#8212;&#8212;&#8212;&#8212;&#8212;&#8212;&#8212;&#8212;&#8212;&#8212;&#8212;&#8212;&#8212;&#8212;&#8212;&#8212;&#8212;&#8212;&#8211;<br \/>\nGj\u00f8vikstevnet &#8211; Boccia<\/strong><\/p>\n<p>Klasse 4<br \/>\nNr. 3 \u00a0 Sarpsborg boccia 1<\/p>\n<p><strong>SA-FRE-MO<\/strong><\/p>\n<p class=\"ecxMsoNormal\"><strong><span style=\"color: #0000ff;\">Boccia<\/span><\/strong><br \/>\nSarpsborg BTK 1 i kl. 4 kom p\u00e5 5.plass (Otto, Grethe, Hanne)<\/p>\n<p class=\"ecxMsoNormal\"><strong><span style=\"color: #0000ff;\">Teppecurling<\/span><\/strong><\/p>\n<p class=\"ecxMsoNormal\">Sarpsborg 1 i damer \u00e5pen kom p\u00e5 7.plass (Solbj\u00f8rg og Linda)<\/p>\n<p class=\"ecxMsoNormal\">Sarpsborg 2 i damer \u00e5pen kom p\u00e5 4.plass (Vigdis og Kari)<\/p>\n<p class=\"ecxMsoNormal\">Sarpsborg 3 herrer i klasse 1 vant klassen (Rolf Larsen og Sten Rino)<\/p>\n<p class=\"ecxMsoNormal\">Rolf Larsen kom p\u00e5 1.plass i herrer kl.1<\/p>\n<p class=\"ecxMsoNormal\">Solbj\u00f8rg ble uplassert i \u00e5pen damer, gikk ikke videre til sluttspill<\/p>\n<p class=\"ecxMsoNormal\">Kari kom p\u00e5 1.plass i damer \u00e5pen<\/p>\n","protected":false},"excerpt":{"rendered":"<p>EIDSVOLLTREFFEN 11. &#8211; 12. APRIL Herrer \u00e5pen(10 lag) \u00a0 \u00a0 \u00a0 \u00a0 \u00a0\u00a07.plass Sarpsborg 4 (Svein og Otto) \u00a0Damer \u00e5pen(7 lag) \u00a0 \u00a0 \u00a0 \u00a0 \u00a0 \u00a03.plass Sarpsborg 2 (Vigdis og Kari) \u00a0Herrer kl.1(4 lag) \u00a0 \u00a0 \u00a0 \u00a0 \u00a0 \u00a0 \u00a03.plass Sarpsborg 3 (Sten Rino og Rolf) \u00a0Ind. Herrer kl.1(10 deltagere) \u00a0 \u00a02.plass Rolf, [&hellip;]<\/p>\n","protected":false},"author":2,"featured_media":0,"parent":0,"menu_order":0,"comment_status":"open","ping_status":"open","template":"","meta":{"ngg_post_thumbnail":0},"yoast_head":"<!-- This site is optimized with the Yoast SEO plugin v19.13 - https:\/\/yoast.com\/wordpress\/plugins\/seo\/ -->\n<title>Resultater - Sarpsborg Boccia og Teppecurlingklubb<\/title>\n<meta name=\"robots\" content=\"index, follow, max-snippet:-1, max-image-preview:large, max-video-preview:-1\" \/>\n<link rel=\"canonical\" href=\"http:\/\/sbhif.no\/public_html\/?page_id=1118\" \/>\n<meta property=\"og:locale\" content=\"nb_NO\" \/>\n<meta property=\"og:type\" content=\"article\" \/>\n<meta property=\"og:title\" content=\"Resultater - Sarpsborg Boccia og Teppecurlingklubb\" \/>\n<meta property=\"og:description\" content=\"EIDSVOLLTREFFEN 11. &#8211; 12. APRIL Herrer \u00e5pen(10 lag) \u00a0 \u00a0 \u00a0 \u00a0 \u00a0\u00a07.plass Sarpsborg 4 (Svein og Otto) \u00a0Damer \u00e5pen(7 lag) \u00a0 \u00a0 \u00a0 \u00a0 \u00a0 \u00a03.plass Sarpsborg 2 (Vigdis og Kari) \u00a0Herrer kl.1(4 lag) \u00a0 \u00a0 \u00a0 \u00a0 \u00a0 \u00a0 \u00a03.plass Sarpsborg 3 (Sten Rino og Rolf) \u00a0Ind. Herrer kl.1(10 deltagere) \u00a0 \u00a02.plass Rolf, [&hellip;]\" \/>\n<meta property=\"og:url\" content=\"http:\/\/sbhif.no\/public_html\/?page_id=1118\" \/>\n<meta property=\"og:site_name\" content=\"Sarpsborg Boccia og Teppecurlingklubb\" \/>\n<meta property=\"article:modified_time\" content=\"2015-04-24T06:42:17+00:00\" \/>\n<meta name=\"twitter:label1\" content=\"Ansl. lesetid\" \/>\n\t<meta name=\"twitter:data1\" content=\"1 minutt\" \/>\n<script type=\"application\/ld+json\" class=\"yoast-schema-graph\">{\"@context\":\"https:\/\/schema.org\",\"@graph\":[{\"@type\":\"WebPage\",\"@id\":\"http:\/\/sbhif.no\/public_html\/?page_id=1118\",\"url\":\"http:\/\/sbhif.no\/public_html\/?page_id=1118\",\"name\":\"Resultater - Sarpsborg Boccia og Teppecurlingklubb\",\"isPartOf\":{\"@id\":\"http:\/\/sbhif.no\/public_html\/#website\"},\"datePublished\":\"2015-02-18T10:15:39+00:00\",\"dateModified\":\"2015-04-24T06:42:17+00:00\",\"breadcrumb\":{\"@id\":\"http:\/\/sbhif.no\/public_html\/?page_id=1118#breadcrumb\"},\"inLanguage\":\"nb-NO\",\"potentialAction\":[{\"@type\":\"ReadAction\",\"target\":[\"http:\/\/sbhif.no\/public_html\/?page_id=1118\"]}]},{\"@type\":\"BreadcrumbList\",\"@id\":\"http:\/\/sbhif.no\/public_html\/?page_id=1118#breadcrumb\",\"itemListElement\":[{\"@type\":\"ListItem\",\"position\":1,\"name\":\"Hjem\",\"item\":\"http:\/\/sbhif.no\/public_html\"},{\"@type\":\"ListItem\",\"position\":2,\"name\":\"Resultater\"}]},{\"@type\":\"WebSite\",\"@id\":\"http:\/\/sbhif.no\/public_html\/#website\",\"url\":\"http:\/\/sbhif.no\/public_html\/\",\"name\":\"Sarpsborg Boccia og Teppecurlingklubb\",\"description\":\"\",\"potentialAction\":[{\"@type\":\"SearchAction\",\"target\":{\"@type\":\"EntryPoint\",\"urlTemplate\":\"http:\/\/sbhif.no\/public_html\/?s={search_term_string}\"},\"query-input\":\"required name=search_term_string\"}],\"inLanguage\":\"nb-NO\"}]}<\/script>\n<!-- \/ Yoast SEO plugin. -->","yoast_head_json":{"title":"Resultater - Sarpsborg Boccia og Teppecurlingklubb","robots":{"index":"index","follow":"follow","max-snippet":"max-snippet:-1","max-image-preview":"max-image-preview:large","max-video-preview":"max-video-preview:-1"},"canonical":"http:\/\/sbhif.no\/public_html\/?page_id=1118","og_locale":"nb_NO","og_type":"article","og_title":"Resultater - Sarpsborg Boccia og Teppecurlingklubb","og_description":"EIDSVOLLTREFFEN 11. &#8211; 12. APRIL Herrer \u00e5pen(10 lag) \u00a0 \u00a0 \u00a0 \u00a0 \u00a0\u00a07.plass Sarpsborg 4 (Svein og Otto) \u00a0Damer \u00e5pen(7 lag) \u00a0 \u00a0 \u00a0 \u00a0 \u00a0 \u00a03.plass Sarpsborg 2 (Vigdis og Kari) \u00a0Herrer kl.1(4 lag) \u00a0 \u00a0 \u00a0 \u00a0 \u00a0 \u00a0 \u00a03.plass Sarpsborg 3 (Sten Rino og Rolf) \u00a0Ind. Herrer kl.1(10 deltagere) \u00a0 \u00a02.plass Rolf, [&hellip;]","og_url":"http:\/\/sbhif.no\/public_html\/?page_id=1118","og_site_name":"Sarpsborg Boccia og Teppecurlingklubb","article_modified_time":"2015-04-24T06:42:17+00:00","twitter_misc":{"Ansl. lesetid":"1 minutt"},"schema":{"@context":"https:\/\/schema.org","@graph":[{"@type":"WebPage","@id":"http:\/\/sbhif.no\/public_html\/?page_id=1118","url":"http:\/\/sbhif.no\/public_html\/?page_id=1118","name":"Resultater - Sarpsborg Boccia og Teppecurlingklubb","isPartOf":{"@id":"http:\/\/sbhif.no\/public_html\/#website"},"datePublished":"2015-02-18T10:15:39+00:00","dateModified":"2015-04-24T06:42:17+00:00","breadcrumb":{"@id":"http:\/\/sbhif.no\/public_html\/?page_id=1118#breadcrumb"},"inLanguage":"nb-NO","potentialAction":[{"@type":"ReadAction","target":["http:\/\/sbhif.no\/public_html\/?page_id=1118"]}]},{"@type":"BreadcrumbList","@id":"http:\/\/sbhif.no\/public_html\/?page_id=1118#breadcrumb","itemListElement":[{"@type":"ListItem","position":1,"name":"Hjem","item":"http:\/\/sbhif.no\/public_html"},{"@type":"ListItem","position":2,"name":"Resultater"}]},{"@type":"WebSite","@id":"http:\/\/sbhif.no\/public_html\/#website","url":"http:\/\/sbhif.no\/public_html\/","name":"Sarpsborg Boccia og Teppecurlingklubb","description":"","potentialAction":[{"@type":"SearchAction","target":{"@type":"EntryPoint","urlTemplate":"http:\/\/sbhif.no\/public_html\/?s={search_term_string}"},"query-input":"required name=search_term_string"}],"inLanguage":"nb-NO"}]}},"_links":{"self":[{"href":"http:\/\/sbhif.no\/public_html\/index.php?rest_route=\/wp\/v2\/pages\/1118"}],"collection":[{"href":"http:\/\/sbhif.no\/public_html\/index.php?rest_route=\/wp\/v2\/pages"}],"about":[{"href":"http:\/\/sbhif.no\/public_html\/index.php?rest_route=\/wp\/v2\/types\/page"}],"author":[{"embeddable":true,"href":"http:\/\/sbhif.no\/public_html\/index.php?rest_route=\/wp\/v2\/users\/2"}],"replies":[{"embeddable":true,"href":"http:\/\/sbhif.no\/public_html\/index.php?rest_route=%2Fwp%2Fv2%2Fcomments&post=1118"}],"version-history":[{"count":4,"href":"http:\/\/sbhif.no\/public_html\/index.php?rest_route=\/wp\/v2\/pages\/1118\/revisions"}],"predecessor-version":[{"id":1142,"href":"http:\/\/sbhif.no\/public_html\/index.php?rest_route=\/wp\/v2\/pages\/1118\/revisions\/1142"}],"wp:attachment":[{"href":"http:\/\/sbhif.no\/public_html\/index.php?rest_route=%2Fwp%2Fv2%2Fmedia&parent=1118"}],"curies":[{"name":"wp","href":"https:\/\/api.w.org\/{rel}","templated":true}]}}